{"id":1862,"date":"2023-03-19T13:55:16","date_gmt":"2023-03-19T16:55:16","guid":{"rendered":"https:\/\/smartmonitoring.ufsc.br\/?page_id=1862"},"modified":"2025-08-25T13:37:34","modified_gmt":"2025-08-25T16:37:34","slug":"sobre-o-programa","status":"publish","type":"page","link":"https:\/\/smartmonitoring.ufsc.br\/index.php\/sobre-o-programa\/","title":{"rendered":"Sobre o Programa"},"content":{"rendered":"\t\t<div data-elementor-type=\"wp-page\" data-elementor-id=\"1862\" class=\"elementor elementor-1862\">\n\t\t\t\t\t\t\t\t\t<section class=\"elementor-section elementor-top-section elementor-element elementor-element-gbnqed5 elementor-section-boxed elementor-section-height-default elementor-section-height-default\" data-id=\"gbnqed5\" data-element_type=\"section\" data-settings=\"{&quot;background_background&quot;:&quot;classic&quot;}\">\n\t\t\t\t\t\t<div class=\"elementor-container elementor-column-gap-default\">\n\t\t\t\t\t<div class=\"elementor-column elementor-col-50 elementor-top-column elementor-element elementor-element-9abba43\" data-id=\"9abba43\" data-element_type=\"column\" data-settings=\"{&quot;background_background&quot;:&quot;classic&quot;}\">\n\t\t\t<div class=\"elementor-widget-wrap elementor-element-populated\">\n\t\t\t\t\t\t\t\t<div class=\"elementor-element elementor-element-f1077a0 elementor-widget__width-inherit elementor-widget elementor-widget-image\" data-id=\"f1077a0\" data-element_type=\"widget\" data-widget_type=\"image.default\">\n\t\t\t\t<div class=\"elementor-widget-container\">\n\t\t\t<style>\/*! elementor - v3.18.0 - 20-12-2023 *\/\n.elementor-widget-image{text-align:center}.elementor-widget-image a{display:inline-block}.elementor-widget-image a img[src$=\".svg\"]{width:48px}.elementor-widget-image img{vertical-align:middle;display:inline-block}<\/style>\t\t\t\t\t\t\t\t\t\t\t\t<img fetchpriority=\"high\" decoding=\"async\" width=\"500\" height=\"500\" src=\"https:\/\/smartmonitoring.ufsc.br\/wp-content\/uploads\/2023\/01\/SMART-5.png\" class=\"attachment-large size-large wp-image-1564\" alt=\"\" srcset=\"https:\/\/smartmonitoring.ufsc.br\/wp-content\/uploads\/2023\/01\/SMART-5.png 500w, https:\/\/smartmonitoring.ufsc.br\/wp-content\/uploads\/2023\/01\/SMART-5-300x300.png 300w, https:\/\/smartmonitoring.ufsc.br\/wp-content\/uploads\/2023\/01\/SMART-5-150x150.png 150w, https:\/\/smartmonitoring.ufsc.br\/wp-content\/uploads\/2023\/01\/SMART-5-400x400.png 400w\" sizes=\"(max-width: 500px) 100vw, 500px\" \/>\t\t\t\t\t\t\t\t\t\t\t\t\t\t\t<\/div>\n\t\t\t\t<\/div>\n\t\t\t\t\t<\/div>\n\t\t<\/div>\n\t\t\t\t<div class=\"elementor-column elementor-col-50 elementor-top-column elementor-element elementor-element-f088365\" data-id=\"f088365\" data-element_type=\"column\">\n\t\t\t<div class=\"elementor-widget-wrap elementor-element-populated\">\n\t\t\t\t\t\t\t\t<div class=\"elementor-element elementor-element-e7d1eaf elementor-widget elementor-widget-heading\" data-id=\"e7d1eaf\" data-element_type=\"widget\" data-widget_type=\"heading.default\">\n\t\t\t\t<div class=\"elementor-widget-container\">\n\t\t\t<style>\/*! elementor - v3.18.0 - 20-12-2023 *\/\n.elementor-heading-title{padding:0;margin:0;line-height:1}.elementor-widget-heading .elementor-heading-title[class*=elementor-size-]>a{color:inherit;font-size:inherit;line-height:inherit}.elementor-widget-heading .elementor-heading-title.elementor-size-small{font-size:15px}.elementor-widget-heading .elementor-heading-title.elementor-size-medium{font-size:19px}.elementor-widget-heading .elementor-heading-title.elementor-size-large{font-size:29px}.elementor-widget-heading .elementor-heading-title.elementor-size-xl{font-size:39px}.elementor-widget-heading .elementor-heading-title.elementor-size-xxl{font-size:59px}<\/style><h2 class=\"elementor-heading-title elementor-size-default\">Sobre o SMART:<\/h2>\t\t<\/div>\n\t\t\t\t<\/div>\n\t\t\t\t<div class=\"elementor-element elementor-element-01dd3f1 elementor-widget elementor-widget-text-editor\" data-id=\"01dd3f1\" data-element_type=\"widget\" data-widget_type=\"text-editor.default\">\n\t\t\t\t<div class=\"elementor-widget-container\">\n\t\t\t<style>\/*! elementor - v3.18.0 - 20-12-2023 *\/\n.elementor-widget-text-editor.elementor-drop-cap-view-stacked .elementor-drop-cap{background-color:#69727d;color:#fff}.elementor-widget-text-editor.elementor-drop-cap-view-framed .elementor-drop-cap{color:#69727d;border:3px solid;background-color:transparent}.elementor-widget-text-editor:not(.elementor-drop-cap-view-default) .elementor-drop-cap{margin-top:8px}.elementor-widget-text-editor:not(.elementor-drop-cap-view-default) .elementor-drop-cap-letter{width:1em;height:1em}.elementor-widget-text-editor .elementor-drop-cap{float:left;text-align:center;line-height:1;font-size:50px}.elementor-widget-text-editor .elementor-drop-cap-letter{display:inline-block}<\/style>\t\t\t\t<p style=\"font-size: 16px; font-style: normal; font-weight: 400; text-align: justify;\">Bem-vindo ao SMART Monitoring, uma ferramenta semi-automatizada desenvolvida para ajudar profissionais de sa\u00fade e pesquisadores na mensura\u00e7\u00e3o de diversas les\u00f5es intraorais ou cut\u00e2neas.<\/p>\n<p style=\"font-size: 16px; font-style: normal; font-weight: 400; text-align: justify;\">Com o SMART Monitoring \u00e9 poss\u00edvel obter medi\u00e7\u00f5es lesionais de \u00e1rea, al\u00e9m de medidas lineares, sem se preocupar com as distor\u00e7\u00f5es causadas pela posi\u00e7\u00e3o da c\u00e2mera no momento da fotografia, uma vez que, essas distor\u00e7\u00f5es s\u00e3o automaticamente ajustadas.<\/p>\n<p style=\"font-size: 16px; font-style: normal; font-weight: 400; text-align: justify;\">Com esse programa de computador \u00e9 poss\u00edvel realizar um acompanhamento mais preciso de casos cl\u00ednicos, fornecendo suporte quantitativo na medida de les\u00f5es, possibilitando ainda uma melhor comunica\u00e7\u00e3o entre profissionais e no registro de dados da les\u00e3o, eliminando a subjetividade na medida dessas les\u00f5es.<\/p>\n<p style=\"font-size: 16px; font-style: normal; font-weight: 400; text-align: justify;\">O registro do programa de computador no Instituto Nacional da Propriedade Industrial (INPI) foi confirmado com registro de processo de n\u00famero BR512023002586-0.<\/p>\n<p style=\"font-size: 16px; font-style: normal; font-weight: 400; text-align: justify;\">Para referenciar nosso programa, acesse o artigo publicado no peri\u00f3dico <em>Journal of Oral Diagnosis.<\/em> O artigo pode ser acessado na \u00edntegra no <a href=\"https:\/\/www.jordi.com.br\/revista\/article\/view\/154\">link<\/a>.<\/p>\t\t\t\t\t\t<\/div>\n\t\t\t\t<\/div>\n\t\t\t\t\t<\/div>\n\t\t<\/div>\n\t\t\t\t\t\t\t<\/div>\n\t\t<\/section>\n\t\t\t\t\t\t\t<\/div>\n\t\t","protected":false},"excerpt":{"rendered":"<p>Sobre o SMART: Bem-vindo ao SMART Monitoring, uma ferramenta semi-automatizada desenvolvida para ajudar profissionais de sa\u00fade e pesquisadores na mensura\u00e7\u00e3o de diversas les\u00f5es intraorais ou cut\u00e2neas. Com o SMART Monitoring \u00e9 poss\u00edvel obter medi\u00e7\u00f5es lesionais de \u00e1rea, al\u00e9m de medidas lineares, sem se preocupar com as distor\u00e7\u00f5es causadas pela posi\u00e7\u00e3o da c\u00e2mera no momento da &hellip;<\/p>\n<p class=\"read-more\"> <a class=\"\" href=\"https:\/\/smartmonitoring.ufsc.br\/index.php\/sobre-o-programa\/\"> <span class=\"screen-reader-text\">Sobre o Programa<\/span> Leia mais &raquo;<\/a><\/p>\n","protected":false},"author":2,"featured_media":0,"parent":0,"menu_order":0,"comment_status":"closed","ping_status":"closed","template":"","meta":{"site-sidebar-layout":"no-sidebar","site-content-layout":"page-builder","ast-global-header-display":"","ast-banner-title-visibility":"","ast-main-header-display":"","ast-hfb-above-header-display":"","ast-hfb-below-header-display":"","ast-hfb-mobile-header-display":"","site-post-title":"disabled","ast-breadcrumbs-content":"","ast-featured-img":"disabled","footer-sml-layout":"","theme-transparent-header-meta":"","adv-header-id-meta":"","stick-header-meta":"","header-above-stick-meta":"","header-main-stick-meta":"","header-below-stick-meta":"","footnotes":""},"_links":{"self":[{"href":"https:\/\/smartmonitoring.ufsc.br\/index.php\/wp-json\/wp\/v2\/pages\/1862"}],"collection":[{"href":"https:\/\/smartmonitoring.ufsc.br\/index.php\/wp-json\/wp\/v2\/pages"}],"about":[{"href":"https:\/\/smartmonitoring.ufsc.br\/index.php\/wp-json\/wp\/v2\/types\/page"}],"author":[{"embeddable":true,"href":"https:\/\/smartmonitoring.ufsc.br\/index.php\/wp-json\/wp\/v2\/users\/2"}],"replies":[{"embeddable":true,"href":"https:\/\/smartmonitoring.ufsc.br\/index.php\/wp-json\/wp\/v2\/comments?post=1862"}],"version-history":[{"count":37,"href":"https:\/\/smartmonitoring.ufsc.br\/index.php\/wp-json\/wp\/v2\/pages\/1862\/revisions"}],"predecessor-version":[{"id":2554,"href":"https:\/\/smartmonitoring.ufsc.br\/index.php\/wp-json\/wp\/v2\/pages\/1862\/revisions\/2554"}],"wp:attachment":[{"href":"https:\/\/smartmonitoring.ufsc.br\/index.php\/wp-json\/wp\/v2\/media?parent=1862"}],"curies":[{"name":"wp","href":"https:\/\/api.w.org\/{rel}","templated":true}]}}