{"id":816,"date":"2021-04-12T13:37:15","date_gmt":"2021-04-12T16:37:15","guid":{"rendered":"https:\/\/smartmonitoring.ufsc.br\/index.php\/contact\/"},"modified":"2023-08-09T21:22:36","modified_gmt":"2023-08-10T00:22:36","slug":"downloads-2","status":"publish","type":"page","link":"https:\/\/smartmonitoring.ufsc.br\/index.php\/downloads-2\/","title":{"rendered":"Downloads"},"content":{"rendered":"\t\t<div data-elementor-type=\"wp-page\" data-elementor-id=\"816\" class=\"elementor elementor-816\">\n\t\t\t\t\t\t\t\t\t<section class=\"elementor-section elementor-top-section elementor-element elementor-element-f609929 elementor-section-boxed elementor-section-height-default elementor-section-height-default\" data-id=\"f609929\" data-element_type=\"section\" data-settings=\"{&quot;background_background&quot;:&quot;classic&quot;}\">\n\t\t\t\t\t\t<div class=\"elementor-container elementor-column-gap-no\">\n\t\t\t\t\t<div class=\"elementor-column elementor-col-100 elementor-top-column elementor-element elementor-element-f92d138\" data-id=\"f92d138\" data-element_type=\"column\">\n\t\t\t<div class=\"elementor-widget-wrap elementor-element-populated\">\n\t\t\t\t\t\t\t\t<div class=\"elementor-element elementor-element-52bcd0e elementor-widget elementor-widget-heading\" data-id=\"52bcd0e\" data-element_type=\"widget\" data-widget_type=\"heading.default\">\n\t\t\t\t<div class=\"elementor-widget-container\">\n\t\t\t<style>\/*! elementor - v3.18.0 - 20-12-2023 *\/\n.elementor-heading-title{padding:0;margin:0;line-height:1}.elementor-widget-heading .elementor-heading-title[class*=elementor-size-]>a{color:inherit;font-size:inherit;line-height:inherit}.elementor-widget-heading .elementor-heading-title.elementor-size-small{font-size:15px}.elementor-widget-heading .elementor-heading-title.elementor-size-medium{font-size:19px}.elementor-widget-heading .elementor-heading-title.elementor-size-large{font-size:29px}.elementor-widget-heading .elementor-heading-title.elementor-size-xl{font-size:39px}.elementor-widget-heading .elementor-heading-title.elementor-size-xxl{font-size:59px}<\/style><h1 class=\"elementor-heading-title elementor-size-default\">Downloads<\/h1>\t\t<\/div>\n\t\t\t\t<\/div>\n\t\t\t\t\t<\/div>\n\t\t<\/div>\n\t\t\t\t\t\t\t<\/div>\n\t\t<\/section>\n\t\t\t\t<section class=\"elementor-section elementor-top-section elementor-element elementor-element-cgk4pno elementor-section-content-middle elementor-section-boxed elementor-section-height-default elementor-section-height-default\" data-id=\"cgk4pno\" data-element_type=\"section\">\n\t\t\t\t\t\t<div class=\"elementor-container elementor-column-gap-no\">\n\t\t\t\t\t<div class=\"elementor-column elementor-col-100 elementor-top-column elementor-element elementor-element-3a05aee\" data-id=\"3a05aee\" data-element_type=\"column\">\n\t\t\t<div class=\"elementor-widget-wrap elementor-element-populated\">\n\t\t\t\t\t\t\t\t<div class=\"elementor-element elementor-element-f90f229 elementor-widget elementor-widget-heading\" data-id=\"f90f229\" data-element_type=\"widget\" data-widget_type=\"heading.default\">\n\t\t\t\t<div class=\"elementor-widget-container\">\n\t\t\t<h2 class=\"elementor-heading-title elementor-size-default\">Para baixar o software, solicitamos que preencha o formul\u00e1rio abaixo com as informa\u00e7\u00f5es necess\u00e1rias:<br><br>Voc\u00ea ser\u00e1 redirecionado para uma nova p\u00e1gina.<\/h2>\t\t<\/div>\n\t\t\t\t<\/div>\n\t\t\t\t<div class=\"elementor-element elementor-element-007e6d8 elementor-widget elementor-widget-wpforms\" data-id=\"007e6d8\" data-element_type=\"widget\" data-widget_type=\"wpforms.default\">\n\t\t\t\t<div class=\"elementor-widget-container\">\n\t\t\t<div class=\"wpforms-container \" id=\"wpforms-2240\"><form id=\"wpforms-form-2240\" class=\"wpforms-validate wpforms-form wpforms-ajax-form\" data-formid=\"2240\" method=\"post\" enctype=\"multipart\/form-data\" action=\"\/index.php\/wp-json\/wp\/v2\/pages\/816\" data-token=\"5a9b8c60d29b98460b1b3fb6f4992226\"><noscript class=\"wpforms-error-noscript\">Ative o JavaScript no seu navegador para preencher este formul\u00e1rio.<\/noscript><div class=\"wpforms-field-container\"><div id=\"wpforms-2240-field_0-container\" class=\"wpforms-field wpforms-field-name\" data-field-id=\"0\"><label class=\"wpforms-field-label\" for=\"wpforms-2240-field_0\">Nome Completo <span class=\"wpforms-required-label\">*<\/span><\/label><input type=\"text\" id=\"wpforms-2240-field_0\" class=\"wpforms-field-large wpforms-field-required\" name=\"wpforms[fields][0]\" required><\/div><div id=\"wpforms-2240-field_22-container\" class=\"wpforms-field wpforms-field-email\" data-field-id=\"22\"><label class=\"wpforms-field-label\" for=\"wpforms-2240-field_22\">E-mail <span class=\"wpforms-required-label\">*<\/span><\/label><input type=\"email\" id=\"wpforms-2240-field_22\" class=\"wpforms-field-medium wpforms-field-required\" name=\"wpforms[fields][22]\" spellcheck=\"false\" required><\/div><div id=\"wpforms-2240-field_26-container\" class=\"wpforms-field wpforms-field-text\" data-field-id=\"26\"><label class=\"wpforms-field-label\" for=\"wpforms-2240-field_26\">Pa\u00eds <span class=\"wpforms-required-label\">*<\/span><\/label><input type=\"text\" id=\"wpforms-2240-field_26\" class=\"wpforms-field-medium wpforms-field-required\" name=\"wpforms[fields][26]\" required><\/div><div id=\"wpforms-2240-field_21-container\" class=\"wpforms-field wpforms-field-number\" data-field-id=\"21\"><label class=\"wpforms-field-label\" for=\"wpforms-2240-field_21\">Contato <span class=\"wpforms-required-label\">*<\/span><\/label><input type=\"number\" pattern=\"\\d*\" id=\"wpforms-2240-field_21\" class=\"wpforms-field-medium wpforms-field-required\" name=\"wpforms[fields][21]\" required><div class=\"wpforms-field-description\">Insira aqui seu n\u00famero de telefone\/celular, de prefer\u00eancia incluindo o c\u00f3digo do pa\u00eds + DDD + n\u00famero<\/div><\/div><div id=\"wpforms-2240-field_24-container\" class=\"wpforms-field wpforms-field-select wpforms-field-select-style-classic\" data-field-id=\"24\"><label class=\"wpforms-field-label\" for=\"wpforms-2240-field_24\">V\u00ednculo <span class=\"wpforms-required-label\">*<\/span><\/label><select id=\"wpforms-2240-field_24\" class=\"wpforms-field-medium wpforms-field-required\" name=\"wpforms[fields][24]\" required=\"required\"><option value=\"\" class=\"placeholder\" disabled  selected='selected'>Selecione uma op\u00e7\u00e3o<\/option><option value=\"Universidade\" >Universidade<\/option><option value=\"Hospital\" >Hospital<\/option><option value=\"Laborat\u00f3rio\" >Laborat\u00f3rio<\/option><option value=\"Escola\" >Escola<\/option><option value=\"Empresa\" >Empresa<\/option><option value=\"Cl\u00ednica\" >Cl\u00ednica<\/option><option value=\"Governo\" >Governo<\/option><option value=\"ONG\" >ONG<\/option><option value=\"Institui\u00e7\u00e3o de Pesquisa\" >Institui\u00e7\u00e3o de Pesquisa<\/option><option value=\"Organiza\u00e7\u00e3o Sem Fins Lucrativos\" >Organiza\u00e7\u00e3o Sem Fins Lucrativos<\/option><\/select><\/div><div id=\"wpforms-2240-field_20-container\" class=\"wpforms-field wpforms-field-text\" data-field-id=\"20\"><label class=\"wpforms-field-label\" for=\"wpforms-2240-field_20\">Qual? <span class=\"wpforms-required-label\">*<\/span><\/label><input type=\"text\" id=\"wpforms-2240-field_20\" class=\"wpforms-field-medium wpforms-field-required\" name=\"wpforms[fields][20]\" placeholder=\"Exemplo: Universidade Federal de Santa Catarina\" required><\/div><div id=\"wpforms-2240-field_7-container\" class=\"wpforms-field wpforms-field-checkbox wpforms-list-3-columns\" data-field-id=\"7\"><label class=\"wpforms-field-label\" for=\"wpforms-2240-field_7\">\u00c1rea de Atua\u00e7\u00e3o <span class=\"wpforms-required-label\">*<\/span><\/label><ul id=\"wpforms-2240-field_7\" class=\"wpforms-field-required\"><li class=\"choice-1 depth-1\"><input type=\"checkbox\" id=\"wpforms-2240-field_7_1\" name=\"wpforms[fields][7][]\" value=\"Odontologia Hospitalar\" required ><label class=\"wpforms-field-label-inline\" for=\"wpforms-2240-field_7_1\">Odontologia Hospitalar<\/label><\/li><li class=\"choice-6 depth-1\"><input type=\"checkbox\" id=\"wpforms-2240-field_7_6\" name=\"wpforms[fields][7][]\" value=\"Cl\u00ednico Geral\" required ><label class=\"wpforms-field-label-inline\" for=\"wpforms-2240-field_7_6\">Cl\u00ednico Geral<\/label><\/li><li class=\"choice-2 depth-1\"><input type=\"checkbox\" id=\"wpforms-2240-field_7_2\" name=\"wpforms[fields][7][]\" value=\"Estomatologia\" required ><label class=\"wpforms-field-label-inline\" for=\"wpforms-2240-field_7_2\">Estomatologia<\/label><\/li><li class=\"choice-3 depth-1\"><input type=\"checkbox\" id=\"wpforms-2240-field_7_3\" name=\"wpforms[fields][7][]\" value=\"Diagn\u00f3stico Bucal\" required ><label class=\"wpforms-field-label-inline\" for=\"wpforms-2240-field_7_3\">Diagn\u00f3stico Bucal<\/label><\/li><li class=\"choice-7 depth-1\"><input type=\"checkbox\" id=\"wpforms-2240-field_7_7\" name=\"wpforms[fields][7][]\" value=\"Patologia Bucal\" required ><label class=\"wpforms-field-label-inline\" for=\"wpforms-2240-field_7_7\">Patologia Bucal<\/label><\/li><li class=\"choice-5 depth-1\"><input type=\"checkbox\" id=\"wpforms-2240-field_7_5\" name=\"wpforms[fields][7][]\" value=\"P\u00f3s Gradua\u00e7\u00e3o\" required ><label class=\"wpforms-field-label-inline\" for=\"wpforms-2240-field_7_5\">P\u00f3s Gradua\u00e7\u00e3o<\/label><\/li><li class=\"choice-4 depth-1\"><input type=\"checkbox\" id=\"wpforms-2240-field_7_4\" name=\"wpforms[fields][7][]\" value=\"Gradua\u00e7\u00e3o\" required ><label class=\"wpforms-field-label-inline\" for=\"wpforms-2240-field_7_4\">Gradua\u00e7\u00e3o<\/label><\/li><\/ul><\/div><div id=\"wpforms-2240-field_25-container\" class=\"wpforms-field wpforms-field-textarea\" data-field-id=\"25\"><label class=\"wpforms-field-label\" for=\"wpforms-2240-field_25\">Outros:<\/label><textarea id=\"wpforms-2240-field_25\" class=\"wpforms-field-medium\" name=\"wpforms[fields][25]\" ><\/textarea><\/div><\/div><!-- .wpforms-field-container --><div class=\"wpforms-submit-container\" ><input type=\"hidden\" name=\"wpforms[id]\" value=\"2240\"><input type=\"hidden\" name=\"wpforms[author]\" value=\"2\"><button type=\"submit\" name=\"wpforms[submit]\" id=\"wpforms-submit-2240\" class=\"wpforms-submit\" data-alt-text=\"Enviando\u2026\" data-submit-text=\"Enviar\" aria-live=\"assertive\" value=\"wpforms-submit\">Enviar<\/button><img decoding=\"async\" src=\"https:\/\/smartmonitoring.ufsc.br\/wp-content\/plugins\/wpforms-lite\/assets\/images\/submit-spin.svg\" class=\"wpforms-submit-spinner\" style=\"display: none;\" width=\"26\" height=\"26\" alt=\"A Carregar\"><\/div><\/form><\/div>  <!-- .wpforms-container -->\t\t<\/div>\n\t\t\t\t<\/div>\n\t\t\t\t\t<\/div>\n\t\t<\/div>\n\t\t\t\t\t\t\t<\/div>\n\t\t<\/section>\n\t\t\t\t\t\t\t<\/div>\n\t\t","protected":false},"excerpt":{"rendered":"<p>Downloads Para baixar o software, solicitamos que preencha o formul\u00e1rio abaixo com as informa\u00e7\u00f5es necess\u00e1rias: Voc\u00ea ser\u00e1 redirecionado para uma nova p\u00e1gina.<\/p>\n","protected":false},"author":2,"featured_media":0,"parent":0,"menu_order":0,"comment_status":"closed","ping_status":"closed","template":"","meta":{"site-sidebar-layout":"no-sidebar","site-content-layout":"page-builder","ast-global-header-display":"","ast-banner-title-visibility":"","ast-main-header-display":"","ast-hfb-above-header-display":"","ast-hfb-below-header-display":"","ast-hfb-mobile-header-display":"","site-post-title":"disabled","ast-breadcrumbs-content":"","ast-featured-img":"disabled","footer-sml-layout":"","theme-transparent-header-meta":"enabled","adv-header-id-meta":"","stick-header-meta":"","header-above-stick-meta":"","header-main-stick-meta":"","header-below-stick-meta":"","footnotes":""},"_links":{"self":[{"href":"https:\/\/smartmonitoring.ufsc.br\/index.php\/wp-json\/wp\/v2\/pages\/816"}],"collection":[{"href":"https:\/\/smartmonitoring.ufsc.br\/index.php\/wp-json\/wp\/v2\/pages"}],"about":[{"href":"https:\/\/smartmonitoring.ufsc.br\/index.php\/wp-json\/wp\/v2\/types\/page"}],"author":[{"embeddable":true,"href":"https:\/\/smartmonitoring.ufsc.br\/index.php\/wp-json\/wp\/v2\/users\/2"}],"replies":[{"embeddable":true,"href":"https:\/\/smartmonitoring.ufsc.br\/index.php\/wp-json\/wp\/v2\/comments?post=816"}],"version-history":[{"count":46,"href":"https:\/\/smartmonitoring.ufsc.br\/index.php\/wp-json\/wp\/v2\/pages\/816\/revisions"}],"predecessor-version":[{"id":2415,"href":"https:\/\/smartmonitoring.ufsc.br\/index.php\/wp-json\/wp\/v2\/pages\/816\/revisions\/2415"}],"wp:attachment":[{"href":"https:\/\/smartmonitoring.ufsc.br\/index.php\/wp-json\/wp\/v2\/media?parent=816"}],"curies":[{"name":"wp","href":"https:\/\/api.w.org\/{rel}","templated":true}]}}